{"id":11,"date":"2023-10-10T20:24:09","date_gmt":"2023-10-10T20:24:09","guid":{"rendered":"https:\/\/creches-molsheim.fr\/les-bimbis\/journee-type\/"},"modified":"2024-02-07T12:56:40","modified_gmt":"2024-02-07T11:56:40","slug":"journee-type","status":"publish","type":"page","link":"https:\/\/creches-molsheim.fr\/les-bimbis\/la-creche\/journee-type\/","title":{"rendered":"Journ\u00e9e type"},"content":{"rendered":"\n<p>La journ\u00e9e s\u2019articule autour du projet p\u00e9dagogique de la cr\u00e8che qui est le fil conducteur pour nos activit\u00e9s et bricolage.<\/p>\n\n\n\n<p>Des activit\u00e9s encadr\u00e9es sont propos\u00e9es aux enfants au fil du temps et de la p\u00e9riode de l\u2019ann\u00e9e&nbsp;: Activit\u00e9s manuelles, bricolages, p\u00e2tisseries, pr\u00e9paration des moments festifs, ect.<\/p>\n\n\n\n<p><strong>7h30 \u00e0 10h00&nbsp;:<\/strong> Accueil- Jeux libres pour les enfants<br><\/p>\n\n\n\n<p><strong>8h50&nbsp;:<\/strong> Petite chanson pour se dire bonjour<br><\/p>\n\n\n\n<p><strong>9h00&nbsp;:<\/strong> Collation, sieste pour les plus petits <br><\/p>\n\n\n\n<p><strong>9h30 &#8211; 10h00&nbsp;:<\/strong> Changes<br><\/p>\n\n\n\n<p><strong>10h00 &#8211; 11h15&nbsp;:<\/strong> Selon le temps : promenade ou activit\u00e9 int\u00e9rieure<br><\/p>\n\n\n\n<p><strong>11h20&nbsp;:<\/strong> regroupement pour chanter<br><\/p>\n\n\n\n<p><strong>11h30&nbsp;:<\/strong> Repas<br><\/p>\n\n\n\n<p><strong>12h15-12h45&nbsp;:<\/strong> Brossage de dents pour les plus grands, changes et temps calme                                                                                         <\/p>\n\n\n\n<p><strong>13h<\/strong> : Sieste                                                                                                                                                                                                            <\/p>\n\n\n\n<p><strong>15h<\/strong> : Les enfants se r\u00e9veillent \u00e0 leurs rythmes et jeux calmes                                                                                                                                                                                                                                           <\/p>\n\n\n\n<p><strong>15h15 &#8211; 15h45<\/strong> : Changes                                                      <br><\/p>\n\n\n\n<p><strong>16h00&nbsp;:<\/strong> Go\u00fbter (Fruits et g\u00e2teau)<br><\/p>\n\n\n\n<p><strong>16h30&nbsp;:<\/strong> jeux divers ou activit\u00e9s<br><\/p>\n\n\n\n<p><strong>A partir de 16h30&nbsp;:<\/strong> D\u00e9parts<\/p>\n","protected":false},"excerpt":{"rendered":"<p>La journ\u00e9e s\u2019articule autour du projet p\u00e9dagogique de la cr\u00e8che qui est le fil conducteur pour nos activit\u00e9s et bricolage. Des activit\u00e9s encadr\u00e9es sont propos\u00e9es aux enfants au fil du temps et de la p\u00e9riode de l\u2019ann\u00e9e&nbsp;: Activit\u00e9s manuelles, bricolages, p\u00e2tisseries, pr\u00e9paration des moments festifs, ect. 7h30 \u00e0 10h00&nbsp;: Accueil- Jeux libres pour les enfants&#8230;  <a class=\"excerpt-read-more\" href=\"https:\/\/creches-molsheim.fr\/les-bimbis\/la-creche\/journee-type\/\" title=\"LireJourn\u00e9e type\">Lire la suite &raquo;<\/a><\/p>\n","protected":false},"author":1,"featured_media":0,"parent":9,"menu_order":0,"comment_status":"closed","ping_status":"closed","template":"","meta":{"_glsr_average":0,"_glsr_ranking":0,"_glsr_reviews":0,"footnotes":""},"class_list":["post-11","page","type-page","status-publish","hentry"],"_links":{"self":[{"href":"https:\/\/creches-molsheim.fr\/les-bimbis\/wp-json\/wp\/v2\/pages\/11","targetHints":{"allow":["GET"]}}],"collection":[{"href":"https:\/\/creches-molsheim.fr\/les-bimbis\/wp-json\/wp\/v2\/pages"}],"about":[{"href":"https:\/\/creches-molsheim.fr\/les-bimbis\/wp-json\/wp\/v2\/types\/page"}],"author":[{"embeddable":true,"href":"https:\/\/creches-molsheim.fr\/les-bimbis\/wp-json\/wp\/v2\/users\/1"}],"replies":[{"embeddable":true,"href":"https:\/\/creches-molsheim.fr\/les-bimbis\/wp-json\/wp\/v2\/comments?post=11"}],"version-history":[{"count":5,"href":"https:\/\/creches-molsheim.fr\/les-bimbis\/wp-json\/wp\/v2\/pages\/11\/revisions"}],"predecessor-version":[{"id":211,"href":"https:\/\/creches-molsheim.fr\/les-bimbis\/wp-json\/wp\/v2\/pages\/11\/revisions\/211"}],"up":[{"embeddable":true,"href":"https:\/\/creches-molsheim.fr\/les-bimbis\/wp-json\/wp\/v2\/pages\/9"}],"wp:attachment":[{"href":"https:\/\/creches-molsheim.fr\/les-bimbis\/wp-json\/wp\/v2\/media?parent=11"}],"curies":[{"name":"wp","href":"https:\/\/api.w.org\/{rel}","templated":true}]}}