{"id":12,"date":"2023-10-10T20:24:09","date_gmt":"2023-10-10T20:24:09","guid":{"rendered":"https:\/\/creches-molsheim.fr\/les-bimbis\/tarification\/"},"modified":"2023-12-06T14:26:54","modified_gmt":"2023-12-06T13:26:54","slug":"tarification","status":"publish","type":"page","link":"https:\/\/creches-molsheim.fr\/les-bimbis\/la-creche\/tarification\/","title":{"rendered":"Tarification"},"content":{"rendered":"\n<h3 class=\"wp-block-heading\">CONTACT<\/h3>\n\n\n\n<p>Pour tout renseignement ou inscription, vous pouvez nous joindre aux<br>06 21 38 11 97 (Marie-Jo MAZELIN)<br>Ou encore par mail\u00a0: contact@creches-molsheim.fr<\/p>\n\n\n\n<p><strong>TARIFICATION<\/strong><\/p>\n\n\n\n<p>Selon le type de contrat choisit (taux horaire) et selon votre tranche de revenus annuel vous aurez une facture mensuelle \u00e0 r\u00e9gler en totalit\u00e9 \u00e0 la structure et vous serez en partie rembours\u00e9s par la CAF selon le dispositif <a href=\"https:\/\/web.archive.org\/web\/20201019235949\/http:\/\/www.pajemploi.urssaf.fr\/pajewebinfo\/cms\/sites\/pajewebinfo\/accueil.html\" target=\"_blank\" rel=\"noreferrer noopener\">PAJEMPLOI<\/a>.<\/p>\n\n\n\n<p>Les repas et les changes ainsi que toutes les activit\u00e9s sont compris dans la tarification.<\/p>\n","protected":false},"excerpt":{"rendered":"<p>CONTACT Pour tout renseignement ou inscription, vous pouvez nous joindre aux06 21 38 11 97 (Marie-Jo MAZELIN)Ou encore par mail\u00a0: contact@creches-molsheim.fr TARIFICATION Selon le type de contrat choisit (taux horaire) et selon votre tranche de revenus annuel vous aurez une facture mensuelle \u00e0 r\u00e9gler en totalit\u00e9 \u00e0 la structure et vous serez en partie rembours\u00e9s&#8230;  <a class=\"excerpt-read-more\" href=\"https:\/\/creches-molsheim.fr\/les-bimbis\/la-creche\/tarification\/\" title=\"LireTarification\">Lire la suite &raquo;<\/a><\/p>\n","protected":false},"author":1,"featured_media":0,"parent":9,"menu_order":0,"comment_status":"closed","ping_status":"closed","template":"","meta":{"_glsr_average":0,"_glsr_ranking":0,"_glsr_reviews":0,"footnotes":""},"class_list":["post-12","page","type-page","status-publish","hentry"],"_links":{"self":[{"href":"https:\/\/creches-molsheim.fr\/les-bimbis\/wp-json\/wp\/v2\/pages\/12","targetHints":{"allow":["GET"]}}],"collection":[{"href":"https:\/\/creches-molsheim.fr\/les-bimbis\/wp-json\/wp\/v2\/pages"}],"about":[{"href":"https:\/\/creches-molsheim.fr\/les-bimbis\/wp-json\/wp\/v2\/types\/page"}],"author":[{"embeddable":true,"href":"https:\/\/creches-molsheim.fr\/les-bimbis\/wp-json\/wp\/v2\/users\/1"}],"replies":[{"embeddable":true,"href":"https:\/\/creches-molsheim.fr\/les-bimbis\/wp-json\/wp\/v2\/comments?post=12"}],"version-history":[{"count":3,"href":"https:\/\/creches-molsheim.fr\/les-bimbis\/wp-json\/wp\/v2\/pages\/12\/revisions"}],"predecessor-version":[{"id":83,"href":"https:\/\/creches-molsheim.fr\/les-bimbis\/wp-json\/wp\/v2\/pages\/12\/revisions\/83"}],"up":[{"embeddable":true,"href":"https:\/\/creches-molsheim.fr\/les-bimbis\/wp-json\/wp\/v2\/pages\/9"}],"wp:attachment":[{"href":"https:\/\/creches-molsheim.fr\/les-bimbis\/wp-json\/wp\/v2\/media?parent=12"}],"curies":[{"name":"wp","href":"https:\/\/api.w.org\/{rel}","templated":true}]}}