{"id":14,"date":"2023-10-10T20:24:09","date_gmt":"2023-10-10T20:24:09","guid":{"rendered":"https:\/\/creches-molsheim.fr\/les-bimbis\/specificites\/"},"modified":"2024-01-05T19:40:25","modified_gmt":"2024-01-05T18:40:25","slug":"specificites","status":"publish","type":"page","link":"https:\/\/creches-molsheim.fr\/les-bimbis\/fonctionnement\/specificites\/","title":{"rendered":"Sp\u00e9cificit\u00e9s"},"content":{"rendered":"\n<p><strong>Nettoyage Ecologique <\/strong>&nbsp;: nous n\u2019utilisons pas de produits chimiques dans les espaces d\u00e9di\u00e9s aux enfants, mais un nettoyeur vapeur, vinaigre blanc, bicarbonate et cristaux de soude.<\/p>\n\n\n\n<p><strong>Le Fait-Maison\u00a0:<\/strong><br>&#8211;\u00a0les yaourts et compotes sont r\u00e9alis\u00e9s au jour le jour sans sucres ajout\u00e9s<br>&#8211;\u00a0les repas sont \u00e9labor\u00e9s \u00e0 partir de produits de bases en fonction des saisons dans la mesure du possible, \u00e0 partir de produits bio et locaux.<\/p>\n\n\n\n<p><strong>Le soin aux enfants<\/strong><br>&#8211;\u00a0le liniment est \u00e9labor\u00e9 par nos soins \u00e0 base d\u2019huile d\u2019olive bio et d\u2019eau de chaux<br>&#8211;\u00a0les couches sont \u00e9cologiques (sans colle, sans solvant et plus fines)<\/p>\n","protected":false},"excerpt":{"rendered":"<p>Nettoyage Ecologique &nbsp;: nous n\u2019utilisons pas de produits chimiques dans les espaces d\u00e9di\u00e9s aux enfants, mais un nettoyeur vapeur, vinaigre blanc, bicarbonate et cristaux de soude. Le Fait-Maison\u00a0:&#8211;\u00a0les yaourts et compotes sont r\u00e9alis\u00e9s au jour le jour sans sucres ajout\u00e9s&#8211;\u00a0les repas sont \u00e9labor\u00e9s \u00e0 partir de produits de bases en fonction des saisons dans la&#8230;  <a class=\"excerpt-read-more\" href=\"https:\/\/creches-molsheim.fr\/les-bimbis\/fonctionnement\/specificites\/\" title=\"LireSp\u00e9cificit\u00e9s\">Lire la suite &raquo;<\/a><\/p>\n","protected":false},"author":1,"featured_media":0,"parent":13,"menu_order":0,"comment_status":"closed","ping_status":"closed","template":"","meta":{"_glsr_average":0,"_glsr_ranking":0,"_glsr_reviews":0,"footnotes":""},"class_list":["post-14","page","type-page","status-publish","hentry"],"_links":{"self":[{"href":"https:\/\/creches-molsheim.fr\/les-bimbis\/wp-json\/wp\/v2\/pages\/14","targetHints":{"allow":["GET"]}}],"collection":[{"href":"https:\/\/creches-molsheim.fr\/les-bimbis\/wp-json\/wp\/v2\/pages"}],"about":[{"href":"https:\/\/creches-molsheim.fr\/les-bimbis\/wp-json\/wp\/v2\/types\/page"}],"author":[{"embeddable":true,"href":"https:\/\/creches-molsheim.fr\/les-bimbis\/wp-json\/wp\/v2\/users\/1"}],"replies":[{"embeddable":true,"href":"https:\/\/creches-molsheim.fr\/les-bimbis\/wp-json\/wp\/v2\/comments?post=14"}],"version-history":[{"count":4,"href":"https:\/\/creches-molsheim.fr\/les-bimbis\/wp-json\/wp\/v2\/pages\/14\/revisions"}],"predecessor-version":[{"id":165,"href":"https:\/\/creches-molsheim.fr\/les-bimbis\/wp-json\/wp\/v2\/pages\/14\/revisions\/165"}],"up":[{"embeddable":true,"href":"https:\/\/creches-molsheim.fr\/les-bimbis\/wp-json\/wp\/v2\/pages\/13"}],"wp:attachment":[{"href":"https:\/\/creches-molsheim.fr\/les-bimbis\/wp-json\/wp\/v2\/media?parent=14"}],"curies":[{"name":"wp","href":"https:\/\/api.w.org\/{rel}","templated":true}]}}