{"id":17,"date":"2023-10-10T20:24:09","date_gmt":"2023-10-10T20:24:09","guid":{"rendered":"https:\/\/creches-molsheim.fr\/les-bimbis\/evenements\/"},"modified":"2025-09-24T11:58:58","modified_gmt":"2025-09-24T10:58:58","slug":"evenements","status":"publish","type":"page","link":"https:\/\/creches-molsheim.fr\/les-bimbis\/evenements\/","title":{"rendered":"\u00c9v\u00e9nements"},"content":{"rendered":"\n<p><strong>La cr\u00e8che sera ferm\u00e9e :<\/strong><\/p>\n\n\n\n<p>Les <strong>10 et 11 Novembre<\/strong> <strong>2025<\/strong>.<\/p>\n\n\n\n<p>Du <strong>19 d\u00e9cembre 2025 <\/strong>au soir jusqu&rsquo;au<strong> 5 janvier 2026<\/strong> au matin.<\/p>\n\n\n\n<p>Le <strong>15 mai 2026<\/strong>.<\/p>\n\n\n\n<p>Du <strong>24 juillet 2026<\/strong> au soir jusqu&rsquo;au <strong>18 ao\u00fbt 2026<\/strong> au matin.<\/p>\n\n\n\n<p><\/p>\n\n\n\n<p><\/p>\n\n\n\n<p><\/p>\n\n\n\n<p>Rappel des jours f\u00e9ri\u00e9s ouvrables hors fermeture de la cr\u00e8che :<\/p>\n\n\n\n<p><strong>11 novembre 2025 ; 25 et 26 d\u00e9cembre 2024 ; 1 janvier 2026  ; 3 et 6 avril 2026 ; 1er, 8, 14 et 25 mai 2026, 14 juillet 2026.<\/strong><\/p>\n\n\n\n<p><\/p>\n","protected":false},"excerpt":{"rendered":"<p>La cr\u00e8che sera ferm\u00e9e : Les 10 et 11 Novembre 2025. Du 19 d\u00e9cembre 2025 au soir jusqu&rsquo;au 5 janvier 2026 au matin. Le 15 mai 2026. Du 24 juillet 2026 au soir jusqu&rsquo;au 18 ao\u00fbt 2026 au matin. Rappel des jours f\u00e9ri\u00e9s ouvrables hors fermeture de la cr\u00e8che : 11 novembre 2025 ; 25&#8230;  <a class=\"excerpt-read-more\" href=\"https:\/\/creches-molsheim.fr\/les-bimbis\/evenements\/\" title=\"Lire\u00c9v\u00e9nements\">Lire la suite &raquo;<\/a><\/p>\n","protected":false},"author":1,"featured_media":0,"parent":0,"menu_order":0,"comment_status":"closed","ping_status":"closed","template":"","meta":{"_glsr_average":0,"_glsr_ranking":0,"_glsr_reviews":0,"footnotes":""},"class_list":["post-17","page","type-page","status-publish","hentry"],"_links":{"self":[{"href":"https:\/\/creches-molsheim.fr\/les-bimbis\/wp-json\/wp\/v2\/pages\/17","targetHints":{"allow":["GET"]}}],"collection":[{"href":"https:\/\/creches-molsheim.fr\/les-bimbis\/wp-json\/wp\/v2\/pages"}],"about":[{"href":"https:\/\/creches-molsheim.fr\/les-bimbis\/wp-json\/wp\/v2\/types\/page"}],"author":[{"embeddable":true,"href":"https:\/\/creches-molsheim.fr\/les-bimbis\/wp-json\/wp\/v2\/users\/1"}],"replies":[{"embeddable":true,"href":"https:\/\/creches-molsheim.fr\/les-bimbis\/wp-json\/wp\/v2\/comments?post=17"}],"version-history":[{"count":6,"href":"https:\/\/creches-molsheim.fr\/les-bimbis\/wp-json\/wp\/v2\/pages\/17\/revisions"}],"predecessor-version":[{"id":374,"href":"https:\/\/creches-molsheim.fr\/les-bimbis\/wp-json\/wp\/v2\/pages\/17\/revisions\/374"}],"wp:attachment":[{"href":"https:\/\/creches-molsheim.fr\/les-bimbis\/wp-json\/wp\/v2\/media?parent=17"}],"curies":[{"name":"wp","href":"https:\/\/api.w.org\/{rel}","templated":true}]}}