{"id":18,"date":"2023-10-10T20:24:09","date_gmt":"2023-10-10T20:24:09","guid":{"rendered":"https:\/\/creches-molsheim.fr\/les-bimbis\/menus\/"},"modified":"2023-12-06T15:23:29","modified_gmt":"2023-12-06T14:23:29","slug":"menus","status":"publish","type":"page","link":"https:\/\/creches-molsheim.fr\/les-bimbis\/menus\/","title":{"rendered":"Menus"},"content":{"rendered":"\n<p>Les menus sont \u00e9tablis \u00e0 la semaine en fonction des saisons, des arrivages de fruits et l\u00e9gumes et des capacit\u00e9s des enfants.<br>Ainsi les plats propos\u00e9s en \u00ab\u00a0morceaux\u00a0\u00bb pour les plus grands seront mix\u00e9s plus ou moins finement pour les plus petits.<br>Nous suivons bien s\u00fbr les directives parentales concernant la diversification alimentaire.<\/p>\n\n\n\n<p>Le laitage du lundi est le seul laitage \u00ab\u00a0achet\u00e9\u00a0\u00bb car nous ne pouvons pas le r\u00e9aliser du matin pour le midi, les autres laitages \u00e9tant faits-maison.<br>Concernant les g\u00e2teaux, ils sont la plupart du temps faits maison, sous forme de pain d\u2019\u00e9pices, brioches, g\u00e2teaux divers.<\/p>\n\n\n\n<p>Les menus sont susceptibles d\u2019\u00eatre modifi\u00e9s en fonctions<\/p>\n\n\n<div class=\"wp-block-image\">\n<figure class=\"aligncenter size-large is-resized\"><img loading=\"lazy\" decoding=\"async\" width=\"768\" height=\"1024\" src=\"https:\/\/creches-molsheim.fr\/les-bimbis\/wp-content\/uploads\/sites\/2\/2023\/12\/377311988_1047084693105849_6474660892931246177_n-768x1024.jpg\" alt=\"\" class=\"wp-image-90\" style=\"width:217px;height:auto\" srcset=\"https:\/\/creches-molsheim.fr\/les-bimbis\/wp-content\/uploads\/sites\/2\/2023\/12\/377311988_1047084693105849_6474660892931246177_n-768x1024.jpg 768w, https:\/\/creches-molsheim.fr\/les-bimbis\/wp-content\/uploads\/sites\/2\/2023\/12\/377311988_1047084693105849_6474660892931246177_n-225x300.jpg 225w, https:\/\/creches-molsheim.fr\/les-bimbis\/wp-content\/uploads\/sites\/2\/2023\/12\/377311988_1047084693105849_6474660892931246177_n-1152x1536.jpg 1152w, https:\/\/creches-molsheim.fr\/les-bimbis\/wp-content\/uploads\/sites\/2\/2023\/12\/377311988_1047084693105849_6474660892931246177_n-50x67.jpg 50w, https:\/\/creches-molsheim.fr\/les-bimbis\/wp-content\/uploads\/sites\/2\/2023\/12\/377311988_1047084693105849_6474660892931246177_n.jpg 1512w\" sizes=\"auto, (max-width: 768px) 100vw, 768px\" \/><\/figure>\n<\/div>\n\n<div class=\"wp-block-image\">\n<figure class=\"aligncenter size-large is-resized\"><img decoding=\"async\" src=\"https:\/\/creches-molsheim.fr\/les-bimbis\/wp-content\/uploads\/sites\/2\/2023\/12\/332882441_505845601715881_3742520314791441466_n-768x1024.jpg\" alt=\"\" class=\"wp-image-88\" style=\"width:217px;height:auto\"\/><\/figure>\n<\/div>\n\n<div class=\"wp-block-image\">\n<figure class=\"aligncenter size-large is-resized\"><img loading=\"lazy\" decoding=\"async\" width=\"2048\" height=\"1536\" src=\"https:\/\/creches-molsheim.fr\/les-bimbis\/wp-content\/uploads\/sites\/2\/2023\/12\/405347224_288920873600910_4565398553261578327_n-edited.jpg\" alt=\"\" class=\"wp-image-92\" style=\"width:210px;height:auto\" srcset=\"https:\/\/creches-molsheim.fr\/les-bimbis\/wp-content\/uploads\/sites\/2\/2023\/12\/405347224_288920873600910_4565398553261578327_n-edited.jpg 2048w, https:\/\/creches-molsheim.fr\/les-bimbis\/wp-content\/uploads\/sites\/2\/2023\/12\/405347224_288920873600910_4565398553261578327_n-edited-300x225.jpg 300w, https:\/\/creches-molsheim.fr\/les-bimbis\/wp-content\/uploads\/sites\/2\/2023\/12\/405347224_288920873600910_4565398553261578327_n-edited-1024x768.jpg 1024w, https:\/\/creches-molsheim.fr\/les-bimbis\/wp-content\/uploads\/sites\/2\/2023\/12\/405347224_288920873600910_4565398553261578327_n-edited-768x576.jpg 768w, https:\/\/creches-molsheim.fr\/les-bimbis\/wp-content\/uploads\/sites\/2\/2023\/12\/405347224_288920873600910_4565398553261578327_n-edited-1536x1152.jpg 1536w, https:\/\/creches-molsheim.fr\/les-bimbis\/wp-content\/uploads\/sites\/2\/2023\/12\/405347224_288920873600910_4565398553261578327_n-edited-50x38.jpg 50w, https:\/\/creches-molsheim.fr\/les-bimbis\/wp-content\/uploads\/sites\/2\/2023\/12\/405347224_288920873600910_4565398553261578327_n-edited-1600x1200.jpg 1600w\" sizes=\"auto, (max-width: 2048px) 100vw, 2048px\" \/><\/figure>\n<\/div>\n\n<div class=\"wp-block-image\">\n<figure class=\"aligncenter size-large is-resized\"><img loading=\"lazy\" decoding=\"async\" width=\"768\" height=\"1024\" src=\"https:\/\/creches-molsheim.fr\/les-bimbis\/wp-content\/uploads\/sites\/2\/2023\/12\/406283179_1792623017850518_4759888421832914671_n-768x1024.jpg\" alt=\"\" class=\"wp-image-109\" style=\"width:201px;height:auto\" srcset=\"https:\/\/creches-molsheim.fr\/les-bimbis\/wp-content\/uploads\/sites\/2\/2023\/12\/406283179_1792623017850518_4759888421832914671_n-768x1024.jpg 768w, https:\/\/creches-molsheim.fr\/les-bimbis\/wp-content\/uploads\/sites\/2\/2023\/12\/406283179_1792623017850518_4759888421832914671_n-225x300.jpg 225w, https:\/\/creches-molsheim.fr\/les-bimbis\/wp-content\/uploads\/sites\/2\/2023\/12\/406283179_1792623017850518_4759888421832914671_n-1152x1536.jpg 1152w, https:\/\/creches-molsheim.fr\/les-bimbis\/wp-content\/uploads\/sites\/2\/2023\/12\/406283179_1792623017850518_4759888421832914671_n-50x67.jpg 50w, https:\/\/creches-molsheim.fr\/les-bimbis\/wp-content\/uploads\/sites\/2\/2023\/12\/406283179_1792623017850518_4759888421832914671_n.jpg 1344w\" sizes=\"auto, (max-width: 768px) 100vw, 768px\" \/><\/figure>\n<\/div>\n\n<div class=\"wp-block-image\">\n<figure class=\"aligncenter size-large is-resized\"><img loading=\"lazy\" decoding=\"async\" width=\"768\" height=\"1024\" src=\"https:\/\/creches-molsheim.fr\/les-bimbis\/wp-content\/uploads\/sites\/2\/2023\/12\/400263698_1047578163359609_9031188191768572682_n-768x1024.jpg\" alt=\"\" class=\"wp-image-110\" style=\"width:198px;height:auto\" srcset=\"https:\/\/creches-molsheim.fr\/les-bimbis\/wp-content\/uploads\/sites\/2\/2023\/12\/400263698_1047578163359609_9031188191768572682_n-768x1024.jpg 768w, https:\/\/creches-molsheim.fr\/les-bimbis\/wp-content\/uploads\/sites\/2\/2023\/12\/400263698_1047578163359609_9031188191768572682_n-225x300.jpg 225w, https:\/\/creches-molsheim.fr\/les-bimbis\/wp-content\/uploads\/sites\/2\/2023\/12\/400263698_1047578163359609_9031188191768572682_n-1152x1536.jpg 1152w, https:\/\/creches-molsheim.fr\/les-bimbis\/wp-content\/uploads\/sites\/2\/2023\/12\/400263698_1047578163359609_9031188191768572682_n-50x67.jpg 50w, https:\/\/creches-molsheim.fr\/les-bimbis\/wp-content\/uploads\/sites\/2\/2023\/12\/400263698_1047578163359609_9031188191768572682_n.jpg 1536w\" sizes=\"auto, (max-width: 768px) 100vw, 768px\" \/><\/figure>\n<\/div>","protected":false},"excerpt":{"rendered":"<p>Les menus sont \u00e9tablis \u00e0 la semaine en fonction des saisons, des arrivages de fruits et l\u00e9gumes et des capacit\u00e9s des enfants.Ainsi les plats propos\u00e9s en \u00ab\u00a0morceaux\u00a0\u00bb pour les plus grands seront mix\u00e9s plus ou moins finement pour les plus petits.Nous suivons bien s\u00fbr les directives parentales concernant la diversification alimentaire. Le laitage du lundi&#8230;  <a class=\"excerpt-read-more\" href=\"https:\/\/creches-molsheim.fr\/les-bimbis\/menus\/\" title=\"LireMenus\">Lire la suite &raquo;<\/a><\/p>\n","protected":false},"author":1,"featured_media":0,"parent":0,"menu_order":0,"comment_status":"closed","ping_status":"closed","template":"","meta":{"_glsr_average":0,"_glsr_ranking":0,"_glsr_reviews":0,"footnotes":""},"class_list":["post-18","page","type-page","status-publish","hentry"],"_links":{"self":[{"href":"https:\/\/creches-molsheim.fr\/les-bimbis\/wp-json\/wp\/v2\/pages\/18","targetHints":{"allow":["GET"]}}],"collection":[{"href":"https:\/\/creches-molsheim.fr\/les-bimbis\/wp-json\/wp\/v2\/pages"}],"about":[{"href":"https:\/\/creches-molsheim.fr\/les-bimbis\/wp-json\/wp\/v2\/types\/page"}],"author":[{"embeddable":true,"href":"https:\/\/creches-molsheim.fr\/les-bimbis\/wp-json\/wp\/v2\/users\/1"}],"replies":[{"embeddable":true,"href":"https:\/\/creches-molsheim.fr\/les-bimbis\/wp-json\/wp\/v2\/comments?post=18"}],"version-history":[{"count":3,"href":"https:\/\/creches-molsheim.fr\/les-bimbis\/wp-json\/wp\/v2\/pages\/18\/revisions"}],"predecessor-version":[{"id":111,"href":"https:\/\/creches-molsheim.fr\/les-bimbis\/wp-json\/wp\/v2\/pages\/18\/revisions\/111"}],"wp:attachment":[{"href":"https:\/\/creches-molsheim.fr\/les-bimbis\/wp-json\/wp\/v2\/media?parent=18"}],"curies":[{"name":"wp","href":"https:\/\/api.w.org\/{rel}","templated":true}]}}