{"id":9,"date":"2023-10-10T20:24:09","date_gmt":"2023-10-10T20:24:09","guid":{"rendered":"https:\/\/creches-molsheim.fr\/les-bimbis\/la-creche\/"},"modified":"2024-01-19T19:39:54","modified_gmt":"2024-01-19T18:39:54","slug":"la-creche","status":"publish","type":"page","link":"https:\/\/creches-molsheim.fr\/les-bimbis\/","title":{"rendered":"La structure"},"content":{"rendered":"\n<p>La cr\u00e8che Les Bimbis de Molsheim dispose d\u2019une capacit\u00e9 d\u2019accueil de 11 places pour des enfants \u00e2g\u00e9s de 10 semaines \u00e0 3 ans.<\/p>\n\n\n\n<p><\/p>\n\n\n\n<p>Nous disposons d&rsquo;un petit espace d&rsquo;accueil, o\u00f9 nous faisons les transmissions.<\/p>\n\n\n\n<p>Un casier est attribu\u00e9 \u00e0 chaque enfant, pour favoriser leur autonomie les plus grands ont priorit\u00e9 sur les casiers du bas, des crochets \u00e0 leur hauteur et un petit banc sont \u00e9galement mis \u00e0 disposition.<\/p>\n\n\n\n<figure class=\"wp-block-image size-large\"><img loading=\"lazy\" decoding=\"async\" width=\"1024\" height=\"768\" src=\"https:\/\/creches-molsheim.fr\/les-bimbis\/wp-content\/uploads\/sites\/2\/2024\/01\/20240105_072900-1024x768.jpg\" alt=\"\" class=\"wp-image-135\" srcset=\"https:\/\/creches-molsheim.fr\/les-bimbis\/wp-content\/uploads\/sites\/2\/2024\/01\/20240105_072900-1024x768.jpg 1024w, https:\/\/creches-molsheim.fr\/les-bimbis\/wp-content\/uploads\/sites\/2\/2024\/01\/20240105_072900-300x225.jpg 300w, https:\/\/creches-molsheim.fr\/les-bimbis\/wp-content\/uploads\/sites\/2\/2024\/01\/20240105_072900-768x576.jpg 768w, https:\/\/creches-molsheim.fr\/les-bimbis\/wp-content\/uploads\/sites\/2\/2024\/01\/20240105_072900-1536x1152.jpg 1536w, https:\/\/creches-molsheim.fr\/les-bimbis\/wp-content\/uploads\/sites\/2\/2024\/01\/20240105_072900-2048x1536.jpg 2048w, https:\/\/creches-molsheim.fr\/les-bimbis\/wp-content\/uploads\/sites\/2\/2024\/01\/20240105_072900-50x38.jpg 50w, https:\/\/creches-molsheim.fr\/les-bimbis\/wp-content\/uploads\/sites\/2\/2024\/01\/20240105_072900-1600x1200.jpg 1600w\" sizes=\"auto, (max-width: 1024px) 100vw, 1024px\" \/><\/figure>\n\n\n\n<figure class=\"wp-block-image size-large\"><img loading=\"lazy\" decoding=\"async\" width=\"1024\" height=\"768\" src=\"https:\/\/creches-molsheim.fr\/les-bimbis\/wp-content\/uploads\/sites\/2\/2024\/01\/20240105_072907-1024x768.jpg\" alt=\"\" class=\"wp-image-136\" srcset=\"https:\/\/creches-molsheim.fr\/les-bimbis\/wp-content\/uploads\/sites\/2\/2024\/01\/20240105_072907-1024x768.jpg 1024w, https:\/\/creches-molsheim.fr\/les-bimbis\/wp-content\/uploads\/sites\/2\/2024\/01\/20240105_072907-300x225.jpg 300w, https:\/\/creches-molsheim.fr\/les-bimbis\/wp-content\/uploads\/sites\/2\/2024\/01\/20240105_072907-768x576.jpg 768w, https:\/\/creches-molsheim.fr\/les-bimbis\/wp-content\/uploads\/sites\/2\/2024\/01\/20240105_072907-1536x1152.jpg 1536w, https:\/\/creches-molsheim.fr\/les-bimbis\/wp-content\/uploads\/sites\/2\/2024\/01\/20240105_072907-2048x1536.jpg 2048w, https:\/\/creches-molsheim.fr\/les-bimbis\/wp-content\/uploads\/sites\/2\/2024\/01\/20240105_072907-50x38.jpg 50w, https:\/\/creches-molsheim.fr\/les-bimbis\/wp-content\/uploads\/sites\/2\/2024\/01\/20240105_072907-1600x1200.jpg 1600w\" sizes=\"auto, (max-width: 1024px) 100vw, 1024px\" \/><\/figure>\n\n\n\n<p>Nous entrons dans notre cocon et arrivons sur notre petit coin repas, o\u00f9 les plus grands mangent en autonomie et \u00e0 leur rythme avec du mobilier \u00e0 leur hauteur et chaises hautes pour les plus petits. <\/p>\n\n\n\n<figure class=\"wp-block-image size-large\"><img loading=\"lazy\" decoding=\"async\" width=\"1024\" height=\"768\" src=\"https:\/\/creches-molsheim.fr\/les-bimbis\/wp-content\/uploads\/sites\/2\/2024\/01\/20240105_072849-1024x768.jpg\" alt=\"\" class=\"wp-image-138\" srcset=\"https:\/\/creches-molsheim.fr\/les-bimbis\/wp-content\/uploads\/sites\/2\/2024\/01\/20240105_072849-1024x768.jpg 1024w, https:\/\/creches-molsheim.fr\/les-bimbis\/wp-content\/uploads\/sites\/2\/2024\/01\/20240105_072849-300x225.jpg 300w, https:\/\/creches-molsheim.fr\/les-bimbis\/wp-content\/uploads\/sites\/2\/2024\/01\/20240105_072849-768x576.jpg 768w, https:\/\/creches-molsheim.fr\/les-bimbis\/wp-content\/uploads\/sites\/2\/2024\/01\/20240105_072849-1536x1152.jpg 1536w, https:\/\/creches-molsheim.fr\/les-bimbis\/wp-content\/uploads\/sites\/2\/2024\/01\/20240105_072849-2048x1536.jpg 2048w, https:\/\/creches-molsheim.fr\/les-bimbis\/wp-content\/uploads\/sites\/2\/2024\/01\/20240105_072849-50x38.jpg 50w, https:\/\/creches-molsheim.fr\/les-bimbis\/wp-content\/uploads\/sites\/2\/2024\/01\/20240105_072849-1600x1200.jpg 1600w\" sizes=\"auto, (max-width: 1024px) 100vw, 1024px\" \/><\/figure>\n\n\n\n<p>Notre cuisine est petite mais fonctionnelle, nous y pr\u00e9parons&nbsp;avec amour des repas et des g\u00e2teaux maisons.&nbsp;Elle est ouverte sur la salle pour que nous puissions toujours garder un \u0153il sur vos petits bouts.&nbsp;Les enfants n&rsquo;y ont g\u00e9n\u00e9ralement pas acc\u00e8s sauf en cas d&rsquo;activit\u00e9 p\u00e2tisserie. \ud83d\ude0a<\/p>\n\n\n\n<figure class=\"wp-block-image size-large\"><img loading=\"lazy\" decoding=\"async\" width=\"1024\" height=\"768\" src=\"https:\/\/creches-molsheim.fr\/les-bimbis\/wp-content\/uploads\/sites\/2\/2024\/01\/20240105_072535-1024x768.jpg\" alt=\"\" class=\"wp-image-139\" srcset=\"https:\/\/creches-molsheim.fr\/les-bimbis\/wp-content\/uploads\/sites\/2\/2024\/01\/20240105_072535-1024x768.jpg 1024w, https:\/\/creches-molsheim.fr\/les-bimbis\/wp-content\/uploads\/sites\/2\/2024\/01\/20240105_072535-300x225.jpg 300w, https:\/\/creches-molsheim.fr\/les-bimbis\/wp-content\/uploads\/sites\/2\/2024\/01\/20240105_072535-768x576.jpg 768w, https:\/\/creches-molsheim.fr\/les-bimbis\/wp-content\/uploads\/sites\/2\/2024\/01\/20240105_072535-1536x1152.jpg 1536w, https:\/\/creches-molsheim.fr\/les-bimbis\/wp-content\/uploads\/sites\/2\/2024\/01\/20240105_072535-2048x1536.jpg 2048w, https:\/\/creches-molsheim.fr\/les-bimbis\/wp-content\/uploads\/sites\/2\/2024\/01\/20240105_072535-50x38.jpg 50w, https:\/\/creches-molsheim.fr\/les-bimbis\/wp-content\/uploads\/sites\/2\/2024\/01\/20240105_072535-1600x1200.jpg 1600w\" sizes=\"auto, (max-width: 1024px) 100vw, 1024px\" \/><\/figure>\n\n\n\n<figure class=\"wp-block-gallery has-nested-images columns-default is-cropped wp-block-gallery-1 is-layout-flex wp-block-gallery-is-layout-flex\">\n<figure class=\"wp-block-image size-large\"><img loading=\"lazy\" decoding=\"async\" width=\"1024\" height=\"768\" data-id=\"140\" src=\"https:\/\/creches-molsheim.fr\/les-bimbis\/wp-content\/uploads\/sites\/2\/2024\/01\/20240105_072544-1024x768.jpg\" alt=\"\" class=\"wp-image-140\" srcset=\"https:\/\/creches-molsheim.fr\/les-bimbis\/wp-content\/uploads\/sites\/2\/2024\/01\/20240105_072544-1024x768.jpg 1024w, https:\/\/creches-molsheim.fr\/les-bimbis\/wp-content\/uploads\/sites\/2\/2024\/01\/20240105_072544-300x225.jpg 300w, https:\/\/creches-molsheim.fr\/les-bimbis\/wp-content\/uploads\/sites\/2\/2024\/01\/20240105_072544-768x576.jpg 768w, https:\/\/creches-molsheim.fr\/les-bimbis\/wp-content\/uploads\/sites\/2\/2024\/01\/20240105_072544-1536x1152.jpg 1536w, https:\/\/creches-molsheim.fr\/les-bimbis\/wp-content\/uploads\/sites\/2\/2024\/01\/20240105_072544-2048x1536.jpg 2048w, https:\/\/creches-molsheim.fr\/les-bimbis\/wp-content\/uploads\/sites\/2\/2024\/01\/20240105_072544-50x38.jpg 50w, https:\/\/creches-molsheim.fr\/les-bimbis\/wp-content\/uploads\/sites\/2\/2024\/01\/20240105_072544-1600x1200.jpg 1600w\" sizes=\"auto, (max-width: 1024px) 100vw, 1024px\" \/><\/figure>\n<\/figure>\n\n\n\n<p>Nous arrivons ensuite dans notre salle d&rsquo;activit\u00e9, volontairement d\u00e9gag\u00e9e pour laisser les enfants pleinement en&nbsp;autonomie, nous y retrouvons un coin cuisine avec d\u00eenette, un coin rassemblement avec des canap\u00e9s, un coin avec des modules de motricit\u00e9&nbsp;(rang\u00e9s pr\u00e9sentement)&nbsp;et un grand espace o\u00f9 les enfants peuvent laisser \u00e0 leur imagination concernant les jeux !&nbsp;Un coin b\u00e9b\u00e9 est cr\u00e9\u00e9 au besoin selon les accueillis \u00e0 la structure.<\/p>\n\n\n\n<figure class=\"wp-block-image size-large is-resized\"><img loading=\"lazy\" decoding=\"async\" width=\"1024\" height=\"768\" src=\"https:\/\/creches-molsheim.fr\/les-bimbis\/wp-content\/uploads\/sites\/2\/2024\/01\/20240105_073158-1024x768.jpg\" alt=\"\" class=\"wp-image-143\" style=\"width:404px;height:auto\" srcset=\"https:\/\/creches-molsheim.fr\/les-bimbis\/wp-content\/uploads\/sites\/2\/2024\/01\/20240105_073158-1024x768.jpg 1024w, https:\/\/creches-molsheim.fr\/les-bimbis\/wp-content\/uploads\/sites\/2\/2024\/01\/20240105_073158-300x225.jpg 300w, https:\/\/creches-molsheim.fr\/les-bimbis\/wp-content\/uploads\/sites\/2\/2024\/01\/20240105_073158-768x576.jpg 768w, https:\/\/creches-molsheim.fr\/les-bimbis\/wp-content\/uploads\/sites\/2\/2024\/01\/20240105_073158-1536x1152.jpg 1536w, https:\/\/creches-molsheim.fr\/les-bimbis\/wp-content\/uploads\/sites\/2\/2024\/01\/20240105_073158-2048x1536.jpg 2048w, https:\/\/creches-molsheim.fr\/les-bimbis\/wp-content\/uploads\/sites\/2\/2024\/01\/20240105_073158-50x38.jpg 50w, https:\/\/creches-molsheim.fr\/les-bimbis\/wp-content\/uploads\/sites\/2\/2024\/01\/20240105_073158-1600x1200.jpg 1600w\" sizes=\"auto, (max-width: 1024px) 100vw, 1024px\" \/><\/figure>\n\n\n\n<figure class=\"wp-block-image size-large\"><img loading=\"lazy\" decoding=\"async\" width=\"1024\" height=\"768\" src=\"https:\/\/creches-molsheim.fr\/les-bimbis\/wp-content\/uploads\/sites\/2\/2024\/01\/20240105_073132-1024x768.jpg\" alt=\"\" class=\"wp-image-144\" srcset=\"https:\/\/creches-molsheim.fr\/les-bimbis\/wp-content\/uploads\/sites\/2\/2024\/01\/20240105_073132-1024x768.jpg 1024w, https:\/\/creches-molsheim.fr\/les-bimbis\/wp-content\/uploads\/sites\/2\/2024\/01\/20240105_073132-300x225.jpg 300w, https:\/\/creches-molsheim.fr\/les-bimbis\/wp-content\/uploads\/sites\/2\/2024\/01\/20240105_073132-768x576.jpg 768w, https:\/\/creches-molsheim.fr\/les-bimbis\/wp-content\/uploads\/sites\/2\/2024\/01\/20240105_073132-1536x1152.jpg 1536w, https:\/\/creches-molsheim.fr\/les-bimbis\/wp-content\/uploads\/sites\/2\/2024\/01\/20240105_073132-2048x1536.jpg 2048w, https:\/\/creches-molsheim.fr\/les-bimbis\/wp-content\/uploads\/sites\/2\/2024\/01\/20240105_073132-50x38.jpg 50w, https:\/\/creches-molsheim.fr\/les-bimbis\/wp-content\/uploads\/sites\/2\/2024\/01\/20240105_073132-1600x1200.jpg 1600w\" sizes=\"auto, (max-width: 1024px) 100vw, 1024px\" \/><\/figure>\n\n\n\n<p>De part et d&rsquo;autre de cette salle d&rsquo;activit\u00e9, nous retrouvons deux dortoirs de 6 lits chacun.<\/p>\n\n\n\n<figure class=\"wp-block-image size-large\"><img loading=\"lazy\" decoding=\"async\" width=\"1024\" height=\"768\" src=\"https:\/\/creches-molsheim.fr\/les-bimbis\/wp-content\/uploads\/sites\/2\/2024\/01\/20240105_072931-1024x768.jpg\" alt=\"\" class=\"wp-image-148\" srcset=\"https:\/\/creches-molsheim.fr\/les-bimbis\/wp-content\/uploads\/sites\/2\/2024\/01\/20240105_072931-1024x768.jpg 1024w, https:\/\/creches-molsheim.fr\/les-bimbis\/wp-content\/uploads\/sites\/2\/2024\/01\/20240105_072931-300x225.jpg 300w, https:\/\/creches-molsheim.fr\/les-bimbis\/wp-content\/uploads\/sites\/2\/2024\/01\/20240105_072931-768x576.jpg 768w, https:\/\/creches-molsheim.fr\/les-bimbis\/wp-content\/uploads\/sites\/2\/2024\/01\/20240105_072931-1536x1152.jpg 1536w, https:\/\/creches-molsheim.fr\/les-bimbis\/wp-content\/uploads\/sites\/2\/2024\/01\/20240105_072931-2048x1536.jpg 2048w, https:\/\/creches-molsheim.fr\/les-bimbis\/wp-content\/uploads\/sites\/2\/2024\/01\/20240105_072931-50x38.jpg 50w, https:\/\/creches-molsheim.fr\/les-bimbis\/wp-content\/uploads\/sites\/2\/2024\/01\/20240105_072931-1600x1200.jpg 1600w\" sizes=\"auto, (max-width: 1024px) 100vw, 1024px\" \/><\/figure>\n\n\n\n<figure class=\"wp-block-image size-large\"><img loading=\"lazy\" decoding=\"async\" width=\"1024\" height=\"768\" src=\"https:\/\/creches-molsheim.fr\/les-bimbis\/wp-content\/uploads\/sites\/2\/2024\/01\/20240105_073030-1024x768.jpg\" alt=\"\" class=\"wp-image-149\" srcset=\"https:\/\/creches-molsheim.fr\/les-bimbis\/wp-content\/uploads\/sites\/2\/2024\/01\/20240105_073030-1024x768.jpg 1024w, https:\/\/creches-molsheim.fr\/les-bimbis\/wp-content\/uploads\/sites\/2\/2024\/01\/20240105_073030-300x225.jpg 300w, https:\/\/creches-molsheim.fr\/les-bimbis\/wp-content\/uploads\/sites\/2\/2024\/01\/20240105_073030-768x576.jpg 768w, https:\/\/creches-molsheim.fr\/les-bimbis\/wp-content\/uploads\/sites\/2\/2024\/01\/20240105_073030-1536x1152.jpg 1536w, https:\/\/creches-molsheim.fr\/les-bimbis\/wp-content\/uploads\/sites\/2\/2024\/01\/20240105_073030-2048x1536.jpg 2048w, https:\/\/creches-molsheim.fr\/les-bimbis\/wp-content\/uploads\/sites\/2\/2024\/01\/20240105_073030-50x38.jpg 50w, https:\/\/creches-molsheim.fr\/les-bimbis\/wp-content\/uploads\/sites\/2\/2024\/01\/20240105_073030-1600x1200.jpg 1600w\" sizes=\"auto, (max-width: 1024px) 100vw, 1024px\" \/><\/figure>\n\n\n\n<p>Pour finir, vient notre salle de change sur le th\u00e8me de la mer, qui m\u00e8ne \u00e0 un acc\u00e8s sur la pelouse arri\u00e8re o\u00f9 nous sommes souvent lorsqu&rsquo;il fait beau, nous avons des WC  taille enfant et plusieurs pots pour l&rsquo;apprentissage de la propret\u00e9.<\/p>\n\n\n\n<figure class=\"wp-block-image size-full\"><img loading=\"lazy\" decoding=\"async\" width=\"2560\" height=\"1920\" src=\"https:\/\/creches-molsheim.fr\/les-bimbis\/wp-content\/uploads\/sites\/2\/2024\/01\/20240105_073016-scaled.jpg\" alt=\"\" class=\"wp-image-150\" srcset=\"https:\/\/creches-molsheim.fr\/les-bimbis\/wp-content\/uploads\/sites\/2\/2024\/01\/20240105_073016-scaled.jpg 2560w, https:\/\/creches-molsheim.fr\/les-bimbis\/wp-content\/uploads\/sites\/2\/2024\/01\/20240105_073016-300x225.jpg 300w\" sizes=\"auto, (max-width: 2560px) 100vw, 2560px\" \/><\/figure>\n\n\n\n<figure class=\"wp-block-image size-large\"><img loading=\"lazy\" decoding=\"async\" width=\"1024\" height=\"768\" src=\"https:\/\/creches-molsheim.fr\/les-bimbis\/wp-content\/uploads\/sites\/2\/2024\/01\/20240105_073019-1024x768.jpg\" alt=\"\" class=\"wp-image-152\" srcset=\"https:\/\/creches-molsheim.fr\/les-bimbis\/wp-content\/uploads\/sites\/2\/2024\/01\/20240105_073019-1024x768.jpg 1024w, https:\/\/creches-molsheim.fr\/les-bimbis\/wp-content\/uploads\/sites\/2\/2024\/01\/20240105_073019-300x225.jpg 300w, https:\/\/creches-molsheim.fr\/les-bimbis\/wp-content\/uploads\/sites\/2\/2024\/01\/20240105_073019-768x576.jpg 768w, https:\/\/creches-molsheim.fr\/les-bimbis\/wp-content\/uploads\/sites\/2\/2024\/01\/20240105_073019-1536x1152.jpg 1536w, https:\/\/creches-molsheim.fr\/les-bimbis\/wp-content\/uploads\/sites\/2\/2024\/01\/20240105_073019-2048x1536.jpg 2048w, https:\/\/creches-molsheim.fr\/les-bimbis\/wp-content\/uploads\/sites\/2\/2024\/01\/20240105_073019-50x38.jpg 50w, https:\/\/creches-molsheim.fr\/les-bimbis\/wp-content\/uploads\/sites\/2\/2024\/01\/20240105_073019-1600x1200.jpg 1600w\" sizes=\"auto, (max-width: 1024px) 100vw, 1024px\" \/><\/figure>\n","protected":false},"excerpt":{"rendered":"<p>La cr\u00e8che Les Bimbis de Molsheim dispose d\u2019une capacit\u00e9 d\u2019accueil de 11 places pour des enfants \u00e2g\u00e9s de 10 semaines \u00e0 3 ans. Nous disposons d&rsquo;un petit espace d&rsquo;accueil, o\u00f9 nous faisons les transmissions. Un casier est attribu\u00e9 \u00e0 chaque enfant, pour favoriser leur autonomie les plus grands ont priorit\u00e9 sur les casiers du bas,&#8230;  <a class=\"excerpt-read-more\" href=\"https:\/\/creches-molsheim.fr\/les-bimbis\/\" title=\"LireLa structure\">Lire la suite &raquo;<\/a><\/p>\n","protected":false},"author":1,"featured_media":0,"parent":0,"menu_order":0,"comment_status":"closed","ping_status":"closed","template":"home.php","meta":{"_glsr_average":0,"_glsr_ranking":0,"_glsr_reviews":0,"footnotes":""},"class_list":["post-9","page","type-page","status-publish","hentry"],"_links":{"self":[{"href":"https:\/\/creches-molsheim.fr\/les-bimbis\/wp-json\/wp\/v2\/pages\/9","targetHints":{"allow":["GET"]}}],"collection":[{"href":"https:\/\/creches-molsheim.fr\/les-bimbis\/wp-json\/wp\/v2\/pages"}],"about":[{"href":"https:\/\/creches-molsheim.fr\/les-bimbis\/wp-json\/wp\/v2\/types\/page"}],"author":[{"embeddable":true,"href":"https:\/\/creches-molsheim.fr\/les-bimbis\/wp-json\/wp\/v2\/users\/1"}],"replies":[{"embeddable":true,"href":"https:\/\/creches-molsheim.fr\/les-bimbis\/wp-json\/wp\/v2\/comments?post=9"}],"version-history":[{"count":8,"href":"https:\/\/creches-molsheim.fr\/les-bimbis\/wp-json\/wp\/v2\/pages\/9\/revisions"}],"predecessor-version":[{"id":207,"href":"https:\/\/creches-molsheim.fr\/les-bimbis\/wp-json\/wp\/v2\/pages\/9\/revisions\/207"}],"wp:attachment":[{"href":"https:\/\/creches-molsheim.fr\/les-bimbis\/wp-json\/wp\/v2\/media?parent=9"}],"curies":[{"name":"wp","href":"https:\/\/api.w.org\/{rel}","templated":true}]}}