{"id":14,"date":"2023-10-10T20:24:27","date_gmt":"2023-10-10T20:24:27","guid":{"rendered":"https:\/\/creches-molsheim.fr\/les-loulous\/evenements\/"},"modified":"2025-09-22T10:06:02","modified_gmt":"2025-09-22T09:06:02","slug":"evenements","status":"publish","type":"page","link":"https:\/\/creches-molsheim.fr\/les-loulous\/evenements\/","title":{"rendered":"\u00c9v\u00e9nements"},"content":{"rendered":"\n<p class=\"has-text-align-center has-large-font-size\">Chers parents,<\/p>\n\n\n\n<p class=\"has-text-align-center has-large-font-size\">Nous disposons de places disponibles.<\/p>\n\n\n\n<p class=\"has-text-align-center has-large-font-size\">N\u2019h\u00e9sitez pas \u00e0 vous renseigner.<\/p>\n\n\n\n<p><strong>CONTACT<\/strong><\/p>\n\n\n\n<p>Pour toute urgence ou inscription, vous pouvez nous joindre au<br>06 21 38 11 97 (Marie-Jo MAZELIN)<br>Ou encore par mail&nbsp;: contact@creches-molsheim.fr<\/p>\n\n\n\n<p>\u00e0 tr\u00e8s bient\u00f4t&nbsp;!<\/p>\n","protected":false},"excerpt":{"rendered":"<p>Chers parents, Nous disposons de places disponibles. N\u2019h\u00e9sitez pas \u00e0 vous renseigner. CONTACT Pour toute urgence ou inscription, vous pouvez nous joindre au06 21 38 11 97 (Marie-Jo MAZELIN)Ou encore par mail&nbsp;: contact@creches-molsheim.fr \u00e0 tr\u00e8s bient\u00f4t&nbsp;!<\/p>\n","protected":false},"author":1,"featured_media":0,"parent":0,"menu_order":0,"comment_status":"closed","ping_status":"closed","template":"home.php","meta":{"_glsr_average":0,"_glsr_ranking":0,"_glsr_reviews":0,"footnotes":""},"class_list":["post-14","page","type-page","status-publish","hentry"],"_links":{"self":[{"href":"https:\/\/creches-molsheim.fr\/les-loulous\/wp-json\/wp\/v2\/pages\/14","targetHints":{"allow":["GET"]}}],"collection":[{"href":"https:\/\/creches-molsheim.fr\/les-loulous\/wp-json\/wp\/v2\/pages"}],"about":[{"href":"https:\/\/creches-molsheim.fr\/les-loulous\/wp-json\/wp\/v2\/types\/page"}],"author":[{"embeddable":true,"href":"https:\/\/creches-molsheim.fr\/les-loulous\/wp-json\/wp\/v2\/users\/1"}],"replies":[{"embeddable":true,"href":"https:\/\/creches-molsheim.fr\/les-loulous\/wp-json\/wp\/v2\/comments?post=14"}],"version-history":[{"count":3,"href":"https:\/\/creches-molsheim.fr\/les-loulous\/wp-json\/wp\/v2\/pages\/14\/revisions"}],"predecessor-version":[{"id":253,"href":"https:\/\/creches-molsheim.fr\/les-loulous\/wp-json\/wp\/v2\/pages\/14\/revisions\/253"}],"wp:attachment":[{"href":"https:\/\/creches-molsheim.fr\/les-loulous\/wp-json\/wp\/v2\/media?parent=14"}],"curies":[{"name":"wp","href":"https:\/\/api.w.org\/{rel}","templated":true}]}}