{"id":6,"date":"2023-10-10T20:24:27","date_gmt":"2023-10-10T20:24:27","guid":{"rendered":"https:\/\/creches-molsheim.fr\/les-loulous\/la-creche\/"},"modified":"2025-09-22T09:21:29","modified_gmt":"2025-09-22T08:21:29","slug":"la-creche","status":"publish","type":"page","link":"https:\/\/creches-molsheim.fr\/les-loulous\/","title":{"rendered":"La Cr\u00e8che"},"content":{"rendered":"\n<p>L\u2019espace d\u00e9di\u00e9 aux enfants \u00e9volue tout au long de l\u2019ann\u00e9e en fonction de leurs besoins et de leurs stades de d\u00e9veloppement.<\/p>\n\n\n\n<p>Cr\u00e9\u00e9e le 22 septembre 2014, la micro cr\u00e8che \u00ab\u00a0Les Loulous\u00a0\u00bb situ\u00e9 \u00e0 Molsheim, elle dispose d\u2019une capacit\u00e9 d\u2019accueil de 11 places pour des enfants \u00e2g\u00e9s de 10 semaines \u00e0 4 ans.<\/p>\n\n\n\n<p>Nous disposons d&rsquo;un petit SAS d&rsquo;accueil, o\u00f9 nous faisons les transmissions.<\/p>\n\n\n\n<p>Un casier est attribu\u00e9 \u00e0 chaque enfant, pour favoriser leur autonomie les plus grands ont priorit\u00e9 sur les casiers du bas, un petit banc sont \u00e9galement mis \u00e0 disposition.<\/p>\n\n\n\n<p><\/p>\n\n\n\n<p><\/p>\n\n\n\n<p class=\"has-text-align-center\"><strong><em>Notre salle de vie, visible depuis l&rsquo;entr\u00e9e<\/em><\/strong><\/p>\n\n\n\n<figure class=\"wp-block-image size-large\"><img loading=\"lazy\" decoding=\"async\" width=\"1024\" height=\"768\" src=\"https:\/\/creches-molsheim.fr\/les-loulous\/wp-content\/uploads\/sites\/3\/2025\/09\/received_1449969122749791-1024x768.jpeg\" alt=\"\" class=\"wp-image-230\" srcset=\"https:\/\/creches-molsheim.fr\/les-loulous\/wp-content\/uploads\/sites\/3\/2025\/09\/received_1449969122749791-1024x768.jpeg 1024w, https:\/\/creches-molsheim.fr\/les-loulous\/wp-content\/uploads\/sites\/3\/2025\/09\/received_1449969122749791-300x225.jpeg 300w, https:\/\/creches-molsheim.fr\/les-loulous\/wp-content\/uploads\/sites\/3\/2025\/09\/received_1449969122749791-768x576.jpeg 768w, https:\/\/creches-molsheim.fr\/les-loulous\/wp-content\/uploads\/sites\/3\/2025\/09\/received_1449969122749791-1536x1152.jpeg 1536w, https:\/\/creches-molsheim.fr\/les-loulous\/wp-content\/uploads\/sites\/3\/2025\/09\/received_1449969122749791-50x38.jpeg 50w, https:\/\/creches-molsheim.fr\/les-loulous\/wp-content\/uploads\/sites\/3\/2025\/09\/received_1449969122749791-1600x1200.jpeg 1600w, https:\/\/creches-molsheim.fr\/les-loulous\/wp-content\/uploads\/sites\/3\/2025\/09\/received_1449969122749791.jpeg 2048w\" sizes=\"auto, (max-width: 1024px) 100vw, 1024px\" \/><\/figure>\n\n\n\n<figure class=\"wp-block-image size-large\"><img loading=\"lazy\" decoding=\"async\" width=\"1024\" height=\"768\" src=\"https:\/\/creches-molsheim.fr\/les-loulous\/wp-content\/uploads\/sites\/3\/2025\/09\/received_1905463026975678-1024x768.jpeg\" alt=\"\" class=\"wp-image-238\" srcset=\"https:\/\/creches-molsheim.fr\/les-loulous\/wp-content\/uploads\/sites\/3\/2025\/09\/received_1905463026975678-1024x768.jpeg 1024w, https:\/\/creches-molsheim.fr\/les-loulous\/wp-content\/uploads\/sites\/3\/2025\/09\/received_1905463026975678-300x225.jpeg 300w, https:\/\/creches-molsheim.fr\/les-loulous\/wp-content\/uploads\/sites\/3\/2025\/09\/received_1905463026975678-768x576.jpeg 768w, https:\/\/creches-molsheim.fr\/les-loulous\/wp-content\/uploads\/sites\/3\/2025\/09\/received_1905463026975678-1536x1152.jpeg 1536w, https:\/\/creches-molsheim.fr\/les-loulous\/wp-content\/uploads\/sites\/3\/2025\/09\/received_1905463026975678-50x38.jpeg 50w, https:\/\/creches-molsheim.fr\/les-loulous\/wp-content\/uploads\/sites\/3\/2025\/09\/received_1905463026975678-1600x1200.jpeg 1600w, https:\/\/creches-molsheim.fr\/les-loulous\/wp-content\/uploads\/sites\/3\/2025\/09\/received_1905463026975678.jpeg 2048w\" sizes=\"auto, (max-width: 1024px) 100vw, 1024px\" \/><\/figure>\n\n\n\n<p><\/p>\n\n\n\n<p class=\"has-text-align-center\"><em><strong>Le petit coin repos, histoires et rassemblement <\/strong><\/em><\/p>\n\n\n\n<figure class=\"wp-block-image size-large\"><img loading=\"lazy\" decoding=\"async\" width=\"768\" height=\"1024\" src=\"https:\/\/creches-molsheim.fr\/les-loulous\/wp-content\/uploads\/sites\/3\/2025\/09\/received_633008122751311-768x1024.jpeg\" alt=\"\" class=\"wp-image-234\" srcset=\"https:\/\/creches-molsheim.fr\/les-loulous\/wp-content\/uploads\/sites\/3\/2025\/09\/received_633008122751311-768x1024.jpeg 768w, https:\/\/creches-molsheim.fr\/les-loulous\/wp-content\/uploads\/sites\/3\/2025\/09\/received_633008122751311-225x300.jpeg 225w, https:\/\/creches-molsheim.fr\/les-loulous\/wp-content\/uploads\/sites\/3\/2025\/09\/received_633008122751311-1152x1536.jpeg 1152w, https:\/\/creches-molsheim.fr\/les-loulous\/wp-content\/uploads\/sites\/3\/2025\/09\/received_633008122751311-50x67.jpeg 50w, https:\/\/creches-molsheim.fr\/les-loulous\/wp-content\/uploads\/sites\/3\/2025\/09\/received_633008122751311.jpeg 1536w\" sizes=\"auto, (max-width: 768px) 100vw, 768px\" \/><\/figure>\n","protected":false},"excerpt":{"rendered":"<p>L\u2019espace d\u00e9di\u00e9 aux enfants \u00e9volue tout au long de l\u2019ann\u00e9e en fonction de leurs besoins et de leurs stades de d\u00e9veloppement. Cr\u00e9\u00e9e le 22 septembre 2014, la micro cr\u00e8che \u00ab\u00a0Les Loulous\u00a0\u00bb situ\u00e9 \u00e0 Molsheim, elle dispose d\u2019une capacit\u00e9 d\u2019accueil de 11 places pour des enfants \u00e2g\u00e9s de 10 semaines \u00e0 4 ans. Nous disposons d&rsquo;un&#8230;  <a class=\"excerpt-read-more\" href=\"https:\/\/creches-molsheim.fr\/les-loulous\/\" title=\"LireLa Cr\u00e8che\">Lire la suite &raquo;<\/a><\/p>\n","protected":false},"author":1,"featured_media":0,"parent":0,"menu_order":1,"comment_status":"closed","ping_status":"closed","template":"home.php","meta":{"_glsr_average":0,"_glsr_ranking":0,"_glsr_reviews":0,"footnotes":""},"class_list":["post-6","page","type-page","status-publish","hentry"],"_links":{"self":[{"href":"https:\/\/creches-molsheim.fr\/les-loulous\/wp-json\/wp\/v2\/pages\/6","targetHints":{"allow":["GET"]}}],"collection":[{"href":"https:\/\/creches-molsheim.fr\/les-loulous\/wp-json\/wp\/v2\/pages"}],"about":[{"href":"https:\/\/creches-molsheim.fr\/les-loulous\/wp-json\/wp\/v2\/types\/page"}],"author":[{"embeddable":true,"href":"https:\/\/creches-molsheim.fr\/les-loulous\/wp-json\/wp\/v2\/users\/1"}],"replies":[{"embeddable":true,"href":"https:\/\/creches-molsheim.fr\/les-loulous\/wp-json\/wp\/v2\/comments?post=6"}],"version-history":[{"count":34,"href":"https:\/\/creches-molsheim.fr\/les-loulous\/wp-json\/wp\/v2\/pages\/6\/revisions"}],"predecessor-version":[{"id":239,"href":"https:\/\/creches-molsheim.fr\/les-loulous\/wp-json\/wp\/v2\/pages\/6\/revisions\/239"}],"wp:attachment":[{"href":"https:\/\/creches-molsheim.fr\/les-loulous\/wp-json\/wp\/v2\/media?parent=6"}],"curies":[{"name":"wp","href":"https:\/\/api.w.org\/{rel}","templated":true}]}}