{"id":8,"date":"2023-10-10T20:24:27","date_gmt":"2023-10-10T20:24:27","guid":{"rendered":"https:\/\/creches-molsheim.fr\/les-loulous\/journee-type\/"},"modified":"2025-09-08T09:13:52","modified_gmt":"2025-09-08T08:13:52","slug":"journee-type","status":"publish","type":"page","link":"https:\/\/creches-molsheim.fr\/les-loulous\/la-creche\/journee-type\/","title":{"rendered":"Journ\u00e9e type"},"content":{"rendered":"\n<p>Des sorties hebdomadaires sont pr\u00e9vues&nbsp;: sorties au parc ou encore promenade dans Molsheim.<\/p>\n\n\n\n<p>7h30 &#8211; 9h15\u00a0: Accueil &#8211; Jeux libres pour les enfants<br>9h00 &#8211; 9h30\u00a0: Chants, histoires + collation (sieste pour les b\u00e9b\u00e9s)<br>9h30 &#8211; 10h00\u00a0: Changes<br>10h00 &#8211; 11h15\u00a0: Activit\u00e9s ou balade<br>11h15 &#8211; 11h30 : Chants<br>11h30 &#8211; 12h30 : Repas<br>12h30\u00a0&#8211; 13h00 : Histoires\/chants\/relaxation + changes<br>13h00 &#8211; 15h30\u00a0: Sieste<br>15h30\u00a0&#8211; 16h15 : Change + go\u00fbter<br>16h15 &#8211; 18h15\u00a0: Jeux libres (int\u00e9rieur ou ext\u00e9rieur) + d\u00e9part<\/p>\n","protected":false},"excerpt":{"rendered":"<p>Des sorties hebdomadaires sont pr\u00e9vues&nbsp;: sorties au parc ou encore promenade dans Molsheim. 7h30 &#8211; 9h15\u00a0: Accueil &#8211; Jeux libres pour les enfants9h00 &#8211; 9h30\u00a0: Chants, histoires + collation (sieste pour les b\u00e9b\u00e9s)9h30 &#8211; 10h00\u00a0: Changes10h00 &#8211; 11h15\u00a0: Activit\u00e9s ou balade11h15 &#8211; 11h30 : Chants11h30 &#8211; 12h30 : Repas12h30\u00a0&#8211; 13h00 : Histoires\/chants\/relaxation + changes13h00 &#8211;&#8230;  <a class=\"excerpt-read-more\" href=\"https:\/\/creches-molsheim.fr\/les-loulous\/la-creche\/journee-type\/\" title=\"LireJourn\u00e9e type\">Lire la suite &raquo;<\/a><\/p>\n","protected":false},"author":1,"featured_media":0,"parent":6,"menu_order":0,"comment_status":"closed","ping_status":"closed","template":"home.php","meta":{"_glsr_average":0,"_glsr_ranking":0,"_glsr_reviews":0,"footnotes":""},"class_list":["post-8","page","type-page","status-publish","hentry"],"_links":{"self":[{"href":"https:\/\/creches-molsheim.fr\/les-loulous\/wp-json\/wp\/v2\/pages\/8","targetHints":{"allow":["GET"]}}],"collection":[{"href":"https:\/\/creches-molsheim.fr\/les-loulous\/wp-json\/wp\/v2\/pages"}],"about":[{"href":"https:\/\/creches-molsheim.fr\/les-loulous\/wp-json\/wp\/v2\/types\/page"}],"author":[{"embeddable":true,"href":"https:\/\/creches-molsheim.fr\/les-loulous\/wp-json\/wp\/v2\/users\/1"}],"replies":[{"embeddable":true,"href":"https:\/\/creches-molsheim.fr\/les-loulous\/wp-json\/wp\/v2\/comments?post=8"}],"version-history":[{"count":4,"href":"https:\/\/creches-molsheim.fr\/les-loulous\/wp-json\/wp\/v2\/pages\/8\/revisions"}],"predecessor-version":[{"id":159,"href":"https:\/\/creches-molsheim.fr\/les-loulous\/wp-json\/wp\/v2\/pages\/8\/revisions\/159"}],"up":[{"embeddable":true,"href":"https:\/\/creches-molsheim.fr\/les-loulous\/wp-json\/wp\/v2\/pages\/6"}],"wp:attachment":[{"href":"https:\/\/creches-molsheim.fr\/les-loulous\/wp-json\/wp\/v2\/media?parent=8"}],"curies":[{"name":"wp","href":"https:\/\/api.w.org\/{rel}","templated":true}]}}